{"id":120,"date":"2016-08-05T11:42:14","date_gmt":"2016-08-05T11:42:14","guid":{"rendered":"http:\/\/lwinter.ch\/wordpress\/?page_id=120"},"modified":"2016-08-05T11:42:14","modified_gmt":"2016-08-05T11:42:14","slug":"die-gmbh","status":"publish","type":"page","link":"https:\/\/www.lwinter.net\/forum\/meine-themen\/das-bin-ich\/die-arbeit\/die-gmbh\/","title":{"rendered":"die GmbH"},"content":{"rendered":"<p>Ein paar Jahre sp\u00e4ter war ich bei Porsche. Damals hat mich mein Projektleiter gefragt, ob ich mit ihm eine GmbH gr\u00fcnden m\u00f6chte. Das haben wir dann auch gemacht und die &#8222;<strong>Norbert Schnorr EDV-Beratung GmbH<\/strong>&#8220; gegr\u00fcndet.\u00a0 Ein paar Jahre lief es gut, aber irgendwann war dann ein Punkt erreicht, an dem wir nicht mehr miteinander arbeiten konnten. Nach einer kurzen Zeit &#8222;gegeneinander&#8220; haben wir einen Schlussstrich gezogen.\u00a0 Ich habe die GmbH mit dem Namen &#8222;<strong>Cogita Software Consulting GmbH<\/strong>&#8220; weiter gef\u00fchrt. Die erste Zeit war schwierig, denn ich hatte eine marode Firma \u00fcbernommen, aber nach wenigen Jahren war ich wieder auf der richtigen Seite.<\/p>\n","protected":false},"excerpt":{"rendered":"<p>Ein paar Jahre sp\u00e4ter war ich bei Porsche. Damals hat mich mein Projektleiter gefragt, ob ich mit ihm eine GmbH gr\u00fcnden m\u00f6chte. Das haben wir dann auch gemacht und die &#8222;Norbert Schnorr EDV-Beratung GmbH&#8220; gegr\u00fcndet.\u00a0 Ein paar Jahre lief es &hellip; <a href=\"https:\/\/www.lwinter.net\/forum\/meine-themen\/das-bin-ich\/die-arbeit\/die-gmbh\/\">Weiterlesen <span class=\"meta-nav\">&rarr;<\/span><\/a><\/p>\n","protected":false},"author":4,"featured_media":0,"parent":113,"menu_order":5,"comment_status":"closed","ping_status":"closed","template":"","meta":{"footnotes":""},"class_list":["post-120","page","type-page","status-publish","hentry"],"_links":{"self":[{"href":"https:\/\/www.lwinter.net\/forum\/wp-json\/wp\/v2\/pages\/120","targetHints":{"allow":["GET"]}}],"collection":[{"href":"https:\/\/www.lwinter.net\/forum\/wp-json\/wp\/v2\/pages"}],"about":[{"href":"https:\/\/www.lwinter.net\/forum\/wp-json\/wp\/v2\/types\/page"}],"author":[{"embeddable":true,"href":"https:\/\/www.lwinter.net\/forum\/wp-json\/wp\/v2\/users\/4"}],"replies":[{"embeddable":true,"href":"https:\/\/www.lwinter.net\/forum\/wp-json\/wp\/v2\/comments?post=120"}],"version-history":[{"count":0,"href":"https:\/\/www.lwinter.net\/forum\/wp-json\/wp\/v2\/pages\/120\/revisions"}],"up":[{"embeddable":true,"href":"https:\/\/www.lwinter.net\/forum\/wp-json\/wp\/v2\/pages\/113"}],"wp:attachment":[{"href":"https:\/\/www.lwinter.net\/forum\/wp-json\/wp\/v2\/media?parent=120"}],"curies":[{"name":"wp","href":"https:\/\/api.w.org\/{rel}","templated":true}]}}