{"id":158,"date":"2016-08-10T14:02:10","date_gmt":"2016-08-10T14:02:10","guid":{"rendered":"http:\/\/lwinter.ch\/wordpress\/?page_id=158"},"modified":"2016-08-10T14:02:10","modified_gmt":"2016-08-10T14:02:10","slug":"hardware","status":"publish","type":"page","link":"https:\/\/www.lwinter.net\/forum\/meine-themen\/das-radl\/hardware\/","title":{"rendered":"Hardware"},"content":{"rendered":"<p>Es\u00a0fing mit einem Moped an: <span style=\"color: #0000ff;\"><strong><a style=\"color: #0000ff;\" href=\"http:\/\/lwinter.ch\/puch-mc50.html\"><u>Puch MC50<\/u><\/a><\/strong> <\/span>Und es war der Beginn meiner grossen Leidenschaft f\u00fcr Motorr\u00e4der&#8230; 50 ccm, 40 km\/h Spitze&#8230; Es hat nicht lange gedauert, bis rundum getunt wurde&#8230;<\/p>\n<p>Diese Leidenschaft wurde mit 18 sofort weiter gepflegt, mit Oma&#8217;s Hilfe konnte ich mir eine <span style=\"color: #0000ff;\"><a style=\"color: #0000ff;\" href=\"http:\/\/lwinter.ch\/suzuki-250-gt.html\"><strong><u>Suzuki 250GT<\/u><\/strong><\/a> <\/span>kaufen. Lief zwar kaum schneller als mein Moped zu besten Zeiten, war aber trotzdem ein &#8222;richtiges Motorrad&#8220;&#8230;<\/p>\n<p>Dann haben sich meine Priorit\u00e4ten verschoben&#8230; ich habe geheiratet, wir bekamen Kinder, wir zogen nach Deutschland, ich machte mich selbstst\u00e4ndig&#8230; In all diesen Jahren war kein Platz f\u00fcr&#8217;s Thema &#8222;Motorrad&#8220;&#8230; aber die Leidenschaft war immer da, sie machte nur einen l\u00e4ngeren Winterschlaf&#8230;.<\/p>\n<p>Mittlerweile war ich \u00fcber 30&#8230; das Thema wurde wieder aktuell&#8230; ich dachte an eine Vespa&#8230; habe lange dr\u00fcber nachgedacht&#8230; und mir eine <span style=\"color: #0000ff;\"><a style=\"color: #0000ff;\" href=\"http:\/\/lwinter.ch\/bmw-k75c.html\"><strong><u>BMW K75C<\/u><\/strong><\/a> <\/span>gekauft&#8230; WOW &#8211; da fing das richtige Motorradfahren an&#8230; beinahe 10 Jahre lang war das Motorrad &#8222;mit dem halben Porsche-Motor&#8220; mein treuer Begleiter&#8230; ich verkaufte sie einem guten Freund, der noch viele Jahre mit ihr unterwegs war&#8230;<\/p>\n<p>Sehr sp\u00e4t im Herbst 1995 habe ich einen Gutschein eingel\u00f6st: einen Tag mit der <span style=\"color: #0000ff;\"><a style=\"color: #0000ff;\" href=\"http:\/\/lwinter.ch\/harley-davidson-bad-boy.html\"><strong><u>Harley Davidson Bad Boy<\/u><\/strong><\/a><\/span>. Bei super Wetter habe ich einen traumhaft sch\u00f6nen Tag erlebt. Und am Ende dieses Tages wusste ich, dass eine Harley nichts f\u00fcr mich w\u00e4re&#8230;<\/p>\n<p>1995 war ich auf der IAA in Frankfurt, dort entdeckte ich mein Traum-Motorrad, in diesem Jahr wurde\u00a0es vorgestellt. Und im n\u00e4chsten Fr\u00fchjahr war ich stolzer Besitzer einer <a href=\"https:\/\/lwinter.ch\/wordpress\/?page_id=91\"><span style=\"color: #0000ff;\"><strong><u>R1100 RT<\/u><\/strong><\/span><\/a>. 17 Jahre und weit \u00fcber 100&#8217;000 km war ich mit ihr unterwegs, kein Unfall, kein Problem, immer mit einem Dauergrinsen&#8230;<\/p>\n<p>Dann wurde es Zeit, mich wieder umzuschauen&#8230; Ich hatte ja &#8222;mein Traummotorrad&#8220;&#8230; und als Steigerung kam eigentlich nur &#8222;mein Traummotorrad&#8220; in Frage&#8230; Im Fr\u00fchjahr 2012 habe ich mir das aktuelle Modell <span style=\"color: #0000ff;\"><a style=\"color: #0000ff;\" href=\"https:\/\/lwinter.ch\/wordpress\/?page_id=129\"><strong><u>R 1200 RT<\/u><\/strong><\/a> <\/span>gekauft&#8230; und mein Dauergrinsen ist noch breiter geworden&#8230;<\/p>\n<p>2014 kam der wassergek\u00fchlte Boxer von BMW&#8230; und f\u00fcr mich eine dazu passende Denkaufgabe&#8230; Im Fr\u00fchjahr 2015 war ich mit Denken fertig, als Ergebnis steht nun die <span style=\"color: #0000ff;\"><strong><a style=\"color: #0000ff; text-decoration: underline;\" href=\"https:\/\/lwinter.ch\/wordpress\/?page_id=203\">R1200 RT LC<\/a><\/strong><\/span> in der Garage&#8230;<\/p>\n\n\n<p>In viele Richtungen war ich unterwegs, wann immer ich ausreichend Zeit gefunden habe, habe ich Touren durch viele L\u00e4nder gemacht.&nbsp;<\/p>\n\n\n\n<p>All die Jahre hatte ich auch einen Traum: einmal <strong>mit dem Motorrad rund um Westeuropa<\/strong>. Diesen Traum konnte ich nach meiner Pensionierung tats\u00e4chlich realisieren. In 83 Tagen bin ich durch die Schweiz, Italien, Monaco, Frankreich, Andorra, Spanien, Gibraltar, Portugal, Spanien, Frankreich, Belgien, Holland 13.000 km gefahren. Es war mindestens so sch\u00f6n, wie ich mir das vorgestellt habe. Ein grossen DANKE an alle, die mich dabei unterst\u00fctzt haben.<\/p>\n\n\n\n<p>Mein gutes Radl wurde dann \u00e4lter und \u00e4lter, ohne irgendwelche Probleme. Erste \u00dcberlegungen, das Motorrad zu wechseln, hatte ich Herbst &#8217;22. Im Herbst &#8217;23 war es dann so weit, die Weisse stand beim H\u00e4ndler, 3 Monate alt, mit Wunschausstattung, es dauerte nicht allzu lange, bis der Kaufvertrag unterschrieben war. Somit hatte ich eine&nbsp;<strong>BMW R 1250 RT<\/strong>&nbsp;in der Garage.<\/p>\n","protected":false},"excerpt":{"rendered":"<p>Es\u00a0fing mit einem Moped an: Puch MC50 Und es war der Beginn meiner grossen Leidenschaft f\u00fcr Motorr\u00e4der&#8230; 50 ccm, 40 km\/h Spitze&#8230; Es hat nicht lange gedauert, bis rundum getunt wurde&#8230; Diese Leidenschaft wurde mit 18 sofort weiter gepflegt, mit &hellip; <a href=\"https:\/\/www.lwinter.net\/forum\/meine-themen\/das-radl\/hardware\/\">Weiterlesen <span class=\"meta-nav\">&rarr;<\/span><\/a><\/p>\n","protected":false},"author":4,"featured_media":0,"parent":9,"menu_order":0,"comment_status":"closed","ping_status":"closed","template":"","meta":{"footnotes":""},"class_list":["post-158","page","type-page","status-publish","hentry"],"_links":{"self":[{"href":"https:\/\/www.lwinter.net\/forum\/wp-json\/wp\/v2\/pages\/158","targetHints":{"allow":["GET"]}}],"collection":[{"href":"https:\/\/www.lwinter.net\/forum\/wp-json\/wp\/v2\/pages"}],"about":[{"href":"https:\/\/www.lwinter.net\/forum\/wp-json\/wp\/v2\/types\/page"}],"author":[{"embeddable":true,"href":"https:\/\/www.lwinter.net\/forum\/wp-json\/wp\/v2\/users\/4"}],"replies":[{"embeddable":true,"href":"https:\/\/www.lwinter.net\/forum\/wp-json\/wp\/v2\/comments?post=158"}],"version-history":[{"count":0,"href":"https:\/\/www.lwinter.net\/forum\/wp-json\/wp\/v2\/pages\/158\/revisions"}],"up":[{"embeddable":true,"href":"https:\/\/www.lwinter.net\/forum\/wp-json\/wp\/v2\/pages\/9"}],"wp:attachment":[{"href":"https:\/\/www.lwinter.net\/forum\/wp-json\/wp\/v2\/media?parent=158"}],"curies":[{"name":"wp","href":"https:\/\/api.w.org\/{rel}","templated":true}]}}