{"id":162,"date":"2016-08-10T14:06:39","date_gmt":"2016-08-10T14:06:39","guid":{"rendered":"http:\/\/lwinter.ch\/wordpress\/?page_id=162"},"modified":"2016-08-10T14:06:39","modified_gmt":"2016-08-10T14:06:39","slug":"2012-kroatien","status":"publish","type":"page","link":"https:\/\/www.lwinter.net\/forum\/meine-themen\/das-radl\/unterwegs\/2012-kroatien\/","title":{"rendered":"2012 &#8211; Kroatien"},"content":{"rendered":"<p><img loading=\"lazy\" decoding=\"async\" class=\"alignnone size-large wp-image-164\" src=\"https:\/\/lwinter.ch\/wordpress\/wp-content\/uploads\/2016\/08\/DIMG_3291-1024x683.jpg\" alt=\"DIMG_3291\" width=\"474\" height=\"316\" \/><\/p>\n<p><strong>Samstag Z\u00fcrich &#8211; Schlanders 316 km<\/strong><br \/>\nDie Grosswetterlage war schwierig, ein grosses Tief in West- und Nordeuropa. Also habe ich mich in s\u00fcdliche Regionen begeben, \u00fcber den Arlberg in&#8217;s Inntal, \u00fcber der Reschenpass nach S\u00fcdtirol, \u00fcbernachtet habe ich im Hotel Vier Jahreszeiten ( <a href=\"http:\/\/www.vierjahreszeiten.it\">www.vierjahreszeiten.it<\/a> ), durchaus eine Empfehlung wert. <img loading=\"lazy\" decoding=\"async\" class=\"alignnone size-large wp-image-166\" src=\"https:\/\/lwinter.ch\/wordpress\/wp-content\/uploads\/2016\/08\/DIMG_3199-1024x683.jpg\" alt=\"DIMG_3199\" width=\"474\" height=\"316\" \/><\/p>\n<p><strong>Sonntag Schlanders &#8211; Belluno 174 km<\/strong><br \/>\nMein Ziel war \u00d6sterreich, unterwegs hat mich das Schlechtwetter eingeholt, da kam Wasser runter, alles was geht, irgendwo habe ich dann wohl eine Abzweigung verpasst, und so hat mich mein Weg nach Belluno gef\u00fchrt, ein tolles, kleines italienisches St\u00e4dtchen.<\/p>\n<p><strong>Montag Belluno &#8211; Jagerberg 394 km<\/strong><br \/>\nErst noch bew\u00f6lkt mit ein paar Tropfen, aber bald war&#8217;s trocken, und es wurde ein wundersch\u00f6ner Tag auf dem Motorrad. Mein Weg hat mich nach Jagerberg in der Steiermark gef\u00fchrt, dort habe ich ein kleines Hotel mit tollem Restaurant gefunden.<\/p>\n<p><strong>Dienstag Jagerberg &#8211; Graz &#8211; Jagerberg 85 km<\/strong><br \/>\nIch hatte meine Koffer so voll gestopft, dass ich regelm\u00e4ssig Probleme mit Auf- und Zumachen hatte. Also habe ich mich auf den Weg nach Graz gemacht, dort einen BMW-H\u00e4ndler gesucht und eine Softbag-Tasche f\u00fcr&#8217;s Motorrad gekauft, die auf dem Gep\u00e4cktr\u00e4ger befestigt wird. Ab diesem Moment waren die Gep\u00e4ckprobleme gel\u00f6st. Ein wenig durch die Steiermark rumgegondelt, und einen sehr sch\u00f6nen Tag erlebt.<\/p>\n<p><strong>Mittwoch Jagerberg &#8211; Rijeka 450 km<\/strong><br \/>\n\u00dcber Radkersburg nach Slowenien, dort bin ich \u00fcber&#8217;s Land gefahren, sehr interessant, sehr sch\u00f6n, sehr anstrengend. In Kroatien wollte ich n\u00f6rdlich von Zagreb vorbei, das hat nicht geklappt, stattdessen bin ich mitten durch Zagreb, das h\u00e4tte ich mir gerne erspart. Schlussendlich hat es mich dann zum Meer gezogen, ich bin bis Rijeka gefahren und habe mir in Bakar (s\u00fcdlich von Rijeka) ein Zimmer gesucht.<\/p>\n<p><strong>Donnerstag Rijeka &#8211; Zadar 400 km<\/strong><br \/>\nVon Bakar bin ich erst mal die K\u00fcstenstrasse bis Senj gefahren, dann ab ins Landesinnere bis zum Plitvicka Nationalpark zum Kaffeetrinken, zur\u00fcck an die K\u00fcste nach Karlobag, ab da wieder die K\u00fcste entlang bis Zadar. Der letzte Teil war grenzwertig, weil es bis zu 36 Grad heiss war, weil es zwar viele Parkpl\u00e4tze, aber praktisch keine mit Schatten gibt, weil das alles in Motorrad-Klamotten nicht wirklich lustig ist. S\u00fcdlich von Zadar, in Sukosan habe ich dann ein Zimmer gefunden. F\u00fcr 60 Euro die Nacht. Erst dachte ich, dass das f\u00fcr kroatische Verh\u00e4ltnisse ganz sch\u00f6n teuer ist. Als ich dann aber das Zimmer gesehen habe (Neubau, riesengross, super Badezimmer, grosse Terrasse, leise und effektive Klimaanlage, Top-Ausstattung), habe ich gleich mal f\u00fcr eine zweite Nacht reservieren lassen. Und zus\u00e4tzlich ein tolles Restaurant im Haus. <img loading=\"lazy\" decoding=\"async\" class=\"alignnone size-large wp-image-167\" src=\"https:\/\/lwinter.ch\/wordpress\/wp-content\/uploads\/2016\/08\/DIMG_3263_01-1024x683.jpg\" alt=\"DIMG_3263_01\" width=\"474\" height=\"316\" \/><\/p>\n<p><img loading=\"lazy\" decoding=\"async\" class=\"alignnone size-large wp-image-168\" src=\"https:\/\/lwinter.ch\/wordpress\/wp-content\/uploads\/2016\/08\/DIMG_3273-1024x683.jpg\" alt=\"DIMG_3273\" width=\"474\" height=\"316\" \/><\/p>\n<p><strong>Freitag Sukosan, 2 km (zu Fuss)<\/strong><br \/>\nEin Erholungstag, gef\u00fcllt mit Spazieren und sonstigem Nichtstun<\/p>\n<p><strong>Samstag Sukosan &#8211; Split &#8211; Plitvicka 385 km<\/strong><br \/>\nIn der Nacht gab&#8217;s heftige Gewitter, das Schlechtwetter hatte mich fast eingeholt. Also bin ich weiter Richtung S\u00fcden &#8222;gefl\u00fcchtet&#8220;, um die Mittagszeit war ich in Split, auch dort das Zentrum eher uninteressant, also gleich weiter. Ich bin in&#8217;s Landesinnere und Richtung Norden gefahren, sehr heiss, sehr trocken, mit einem netten Waldbrand in der N\u00e4he, mit L\u00f6schflugzeugen, die im See Wasser gefasst und \u00fcber dem Brandherden Wasser gelassen haben. Und dann kam das Schlechtwetter, die Temperatur sank von \u00fcber 30 Grad auf unter 15 Grad, str\u00f6mender Regen, ich habe eine l\u00e4ngere Pause gemacht, aber da keine Besserung in Sicht war, bin ich weiter gefahren, immer sch\u00f6n an einem ordentlichen Gewitter entlang, mit Blitz- und Donner-Begleitung. Bis nach Plitvicka, wo ich Donnerstag schon Kaffee getrunken hatte, in einem netten Hotel, mitten im Nationalpark. Die Wettervorhersage war nicht allzu gut, also habe ich gleich mal f\u00fcr zwei N\u00e4chte reserviert.<\/p>\n<p><strong>Sonntag Nationalpark Plitvicka 5 (oder 10 [oder ??? ]) km zu Fuss<\/strong><br \/>\nIch war fast den ganzen Tag unterwegs, dieser Nationalpark ist wirklich sehenswert, alles saftig gr\u00fcn, viel Wasser, jede Menge Wasserf\u00e4lle, einfach toll, das Wetter eher feucht, aber ohne Regen <img loading=\"lazy\" decoding=\"async\" class=\"alignnone size-large wp-image-169\" src=\"https:\/\/lwinter.ch\/wordpress\/wp-content\/uploads\/2016\/08\/DIMG_3294-1024x683.jpg\" alt=\"DIMG_3294\" width=\"474\" height=\"316\" \/><\/p>\n<p><img loading=\"lazy\" decoding=\"async\" class=\"alignnone size-large wp-image-170\" src=\"https:\/\/lwinter.ch\/wordpress\/wp-content\/uploads\/2016\/08\/DIMG_3315-1024x683.jpg\" alt=\"DIMG_3315\" width=\"474\" height=\"316\" \/><\/p>\n<p><img loading=\"lazy\" decoding=\"async\" class=\"alignnone size-large wp-image-171\" src=\"https:\/\/lwinter.ch\/wordpress\/wp-content\/uploads\/2016\/08\/DIMG_3347-1024x683.jpg\" alt=\"DIMG_3347\" width=\"474\" height=\"316\" \/><\/p>\n<p><strong>Montag Plitvicka &#8211; Pula 310 km<\/strong><br \/>\nDas erste St\u00fcck noch &#8222;grau in grau&#8220;, aber ohne Regen, dann wieder sehr heiss. Ich bin wieder mal &#8222;\u00fcber&#8217;s Land&#8220; gefahren, viel Abwechslung, sehr interessant, in Senj war ich wieder am Mittelmeer und bin die K\u00fcste entlang bis nach Pula gefahren. In Pula gibt&#8217;s auf einer Halbinsel ein grosses Touristenzentrum, dort habe ich mich in ein Luxushotel eingemietet, recht nett<\/p>\n<p><strong>Dienstag Pula &#8211; Porec &#8211; Triest &#8211; Udine &#8211; Villach 345 km<\/strong><br \/>\nMeinem Motorrad stand der Sinn nach einem Schluck \u00d6l. Das versuchte ich auf kroatisch, slowenisch und italienisch den Fachleuten (Werkstatt, BMW, &#8230;) klar zu machen (ohne diese Sprachen zu k\u00f6nnen), ist mir nirgendwo wirklich gut gelungen, also bin ich gleich bis nach \u00d6sterreich gefahren, nach Villach, dort kenne ich schon ein nettes Hotel direkt in der Fussg\u00e4ngerzone, Zimmer hat auch dort geklappt. Wetter auch sehr heiss, je weiter ich in die Alpen kam, desto ertr\u00e4glicher wurden die Temperaturen.<\/p>\n<p><strong>Mittwoch Villach &#8211; Guglwald 423 km<\/strong><br \/>\nEs war zum einen das \u00d6l, das mich nach Villach gef\u00fchrt hat, aber auch die Wettersituation. Das sah ja so aus, dass \u00fcber dem Mittelmeer ein grosses Tief rumhing, welches Italien, &#8222;Jugoslawien&#8220;, auch \u00d6sterreich s\u00fcdlich der Alpen kontinuierlich mit Schlechtwetter versorgt hat. Das war auch Mittwoch Morgen so, alles grau in grau, sp\u00e4ter auch noch ordentlich Wasser von oben. Also hatte ich beschlossen, mich in den Norden des Alpenhauptkamms zu begeben, \u00fcber Katschberg, Obertauern, Bad Ischl, Gmunden, Wels habe ich das auch umgesetzt. Und w\u00e4hrend meiner Fahrt ist mir dann eingefallen, dass ich da ein Hotel kenne, das Hotel Guglwald ( <a href=\"http:\/\/www.guglwald.at\">www.guglwald.at<\/a> ), da hatte ich schon mal Zimmer reserviert, hat aber noch nie geklappt. Am sp\u00e4ten Nachmittag war ich dann dort, f\u00fcr eine Nacht gab&#8217;s ein Einzelzimmer, alles perfekt. Und f\u00fcr den n\u00e4chsten Morgen konnte ich einen Massagetermin vereinbaren. Alles bestens. Und es wurde abgekl\u00e4rt, ob und zu welchem Preis ich ein Doppelzimmer haben k\u00f6nnte<\/p>\n<p><strong>Donnerstag Guglwald 54 km<\/strong><br \/>\nHat geklappt, ich bekam ein Maisonette-Doppelzimmer zu einem guten Preis. Ich war dann grad mal im n\u00e4chsten St\u00e4dtchen zum Einkaufen, den Rest des Tages war Wellnessen angesagt. Mit spazieren, mit Sauna, mit Erholung pur, mit 6-Gang-Menu, wunderbar<\/p>\n<p><strong>Freitag Guglwald &#8211; Bad Wiessee (Tegernsee) 386 km<\/strong><br \/>\nErst noch ein St\u00fcck die tschechische Grenze entlang, dann quer durch Bayern in&#8217;s Allg\u00e4u, wunderbares Wetter, ein wunderbarer Tag.<\/p>\n<p><strong>Samstag Bad Wiessee &#8211; Z\u00fcrich 371 km<\/strong><br \/>\n\u00dcber Reutte, Sonthofen, Vorarlberg ab nach Hause, ab Bodensee auf der Autobahn<\/p>\n","protected":false},"excerpt":{"rendered":"<p>Samstag Z\u00fcrich &#8211; Schlanders 316 km Die Grosswetterlage war schwierig, ein grosses Tief in West- und Nordeuropa. Also habe ich mich in s\u00fcdliche Regionen begeben, \u00fcber den Arlberg in&#8217;s Inntal, \u00fcber der Reschenpass nach S\u00fcdtirol, \u00fcbernachtet habe ich im Hotel &hellip; <a href=\"https:\/\/www.lwinter.net\/forum\/meine-themen\/das-radl\/unterwegs\/2012-kroatien\/\">Weiterlesen <span class=\"meta-nav\">&rarr;<\/span><\/a><\/p>\n","protected":false},"author":4,"featured_media":0,"parent":160,"menu_order":0,"comment_status":"closed","ping_status":"closed","template":"","meta":{"footnotes":""},"class_list":["post-162","page","type-page","status-publish","hentry"],"_links":{"self":[{"href":"https:\/\/www.lwinter.net\/forum\/wp-json\/wp\/v2\/pages\/162","targetHints":{"allow":["GET"]}}],"collection":[{"href":"https:\/\/www.lwinter.net\/forum\/wp-json\/wp\/v2\/pages"}],"about":[{"href":"https:\/\/www.lwinter.net\/forum\/wp-json\/wp\/v2\/types\/page"}],"author":[{"embeddable":true,"href":"https:\/\/www.lwinter.net\/forum\/wp-json\/wp\/v2\/users\/4"}],"replies":[{"embeddable":true,"href":"https:\/\/www.lwinter.net\/forum\/wp-json\/wp\/v2\/comments?post=162"}],"version-history":[{"count":0,"href":"https:\/\/www.lwinter.net\/forum\/wp-json\/wp\/v2\/pages\/162\/revisions"}],"up":[{"embeddable":true,"href":"https:\/\/www.lwinter.net\/forum\/wp-json\/wp\/v2\/pages\/160"}],"wp:attachment":[{"href":"https:\/\/www.lwinter.net\/forum\/wp-json\/wp\/v2\/media?parent=162"}],"curies":[{"name":"wp","href":"https:\/\/api.w.org\/{rel}","templated":true}]}}