{"id":236,"date":"2016-08-18T10:26:27","date_gmt":"2016-08-18T10:26:27","guid":{"rendered":"http:\/\/lwinter.ch\/wordpress\/?page_id=236"},"modified":"2016-08-18T10:26:27","modified_gmt":"2016-08-18T10:26:27","slug":"2015-das-fruehjahr","status":"publish","type":"page","link":"https:\/\/www.lwinter.net\/forum\/meine-themen\/das-radl\/unterwegs\/2015-das-fruehjahr\/","title":{"rendered":"2015 &#8211; das Fr\u00fchjahr"},"content":{"rendered":"<p>Es war so sch\u00f6n geplant&#8230;.<\/p>\n<p>Ich war mit dem Motorrad unterwegs&#8230;<\/p>\n<p>Wettervorhersage (Plan): jeden Tag Sonnenschein, immer so um die 15 Grad&#8230;<\/p>\n<p>Wettervorhersage (Realit\u00e4t): trocken, 2 oder 3 Tage mit mehr als 10 Grad, des \u00f6fteren bis zu 0 Grad runter, zeitweise habe ich mich \u00fcber 6 oder 7 Grad gefreut&#8230;<\/p>\n<p>mein Wohlbefinden (Plan): wie immer bestens&#8230;<\/p>\n<p>mein Wohlbefinden (Realit\u00e4t): eine schlimme Magen-Darm-Grippe hat mich einen Tag vor meiner R\u00fcckfahrt f\u00fcr 24 Stunden ans Bett im Hotel gefesselt&#8230;<\/p>\n<p>Trotz allem, es war auch diesmal eine sch\u00f6ne Tour. Der Hinweg f\u00fchrte mich \u00fcber Stuttgart (da hatte ich einen Termin) nach <strong>Obernburg<\/strong> (N\u00e4he Aschaffenburg) in&#8217;s Hotel R\u00f6merhof ( <a href=\"http:\/\/www.roemerhof.de\">www.roemerhof.de<\/a> ), am n\u00e4chsten Tag quer durch&#8217;s Saarland bis nach <strong>Bitburg<\/strong> in&#8217;s Brauerei-Hotel Eifelbr\u00e4u ( <a href=\"http:\/\/www.eifelbraeu.de\">www.eifelbraeu.de<\/a> ), und am n\u00e4chsten Tag zur Verwandtschaft in den <strong>Westerwald<\/strong>. Die Tage dort waren &#8211; abgesehen von der erw\u00e4hnten Grippe &#8211; sehr sch\u00f6n. Bei der R\u00fcckfahrt ging es kreuz und quer durch den Pf\u00e4lzer Wald nach <strong>Neustadt an der Weinstrasse<\/strong> in&#8217;s Achat Hotel ( <a href=\"http:\/\/www.achat-hotels.com\/de\/hotel\/neustadt\">http:\/\/www.achat-hotels.com<\/a> ), am n\u00e4chsten Tag ein kurzes St\u00fcck durch Frankreich in den Schwarzwald nach <strong>Freudenstadt<\/strong> in&#8217;s Schwarzwaldhotel ( <a href=\"http:\/\/www.schwarzwaldhotel-freudenstadt.de\">www.schwarzwaldhotel-freudenstadt.de<\/a> ), und am n\u00e4chsten und letzten Tag <strong>nach Hause<\/strong>.<\/p>\n<p><img loading=\"lazy\" decoding=\"async\" class=\"alignnone size-large wp-image-254\" src=\"https:\/\/lwinter.ch\/wordpress\/wp-content\/uploads\/2016\/08\/DSC01518-1024x683.jpg\" alt=\"DSC01518\" width=\"474\" height=\"316\" \/><\/p>\n<p>Temperaturanzeige: 0.0\u00a0Grad Celsius (!)<\/p>\n<p><img loading=\"lazy\" decoding=\"async\" class=\"alignnone size-large wp-image-251\" src=\"https:\/\/lwinter.ch\/wordpress\/wp-content\/uploads\/2016\/08\/DSC01521-1024x683.jpg\" alt=\"DSC01521\" width=\"474\" height=\"316\" \/><\/p>\n<p><img loading=\"lazy\" decoding=\"async\" class=\"alignnone size-large wp-image-250\" src=\"https:\/\/lwinter.ch\/wordpress\/wp-content\/uploads\/2016\/08\/DSC01528-1024x683.jpg\" alt=\"DSC01528\" width=\"474\" height=\"316\" \/><\/p>\n<p>nach dem Fr\u00fchst\u00fcck: Eis auf der Sitzbank (!)<\/p>\n<p><img loading=\"lazy\" decoding=\"async\" class=\"alignnone size-large wp-image-249\" src=\"https:\/\/lwinter.ch\/wordpress\/wp-content\/uploads\/2016\/08\/DSC01527-1024x683.jpg\" alt=\"DSC01527\" width=\"474\" height=\"316\" \/><\/p>\n","protected":false},"excerpt":{"rendered":"<p>Es war so sch\u00f6n geplant&#8230;. Ich war mit dem Motorrad unterwegs&#8230; Wettervorhersage (Plan): jeden Tag Sonnenschein, immer so um die 15 Grad&#8230; Wettervorhersage (Realit\u00e4t): trocken, 2 oder 3 Tage mit mehr als 10 Grad, des \u00f6fteren bis zu 0 Grad &hellip; <a href=\"https:\/\/www.lwinter.net\/forum\/meine-themen\/das-radl\/unterwegs\/2015-das-fruehjahr\/\">Weiterlesen <span class=\"meta-nav\">&rarr;<\/span><\/a><\/p>\n","protected":false},"author":4,"featured_media":0,"parent":160,"menu_order":5,"comment_status":"closed","ping_status":"closed","template":"","meta":{"footnotes":""},"class_list":["post-236","page","type-page","status-publish","hentry"],"_links":{"self":[{"href":"https:\/\/www.lwinter.net\/forum\/wp-json\/wp\/v2\/pages\/236","targetHints":{"allow":["GET"]}}],"collection":[{"href":"https:\/\/www.lwinter.net\/forum\/wp-json\/wp\/v2\/pages"}],"about":[{"href":"https:\/\/www.lwinter.net\/forum\/wp-json\/wp\/v2\/types\/page"}],"author":[{"embeddable":true,"href":"https:\/\/www.lwinter.net\/forum\/wp-json\/wp\/v2\/users\/4"}],"replies":[{"embeddable":true,"href":"https:\/\/www.lwinter.net\/forum\/wp-json\/wp\/v2\/comments?post=236"}],"version-history":[{"count":0,"href":"https:\/\/www.lwinter.net\/forum\/wp-json\/wp\/v2\/pages\/236\/revisions"}],"up":[{"embeddable":true,"href":"https:\/\/www.lwinter.net\/forum\/wp-json\/wp\/v2\/pages\/160"}],"wp:attachment":[{"href":"https:\/\/www.lwinter.net\/forum\/wp-json\/wp\/v2\/media?parent=236"}],"curies":[{"name":"wp","href":"https:\/\/api.w.org\/{rel}","templated":true}]}}