{"id":272,"date":"2016-08-18T12:03:58","date_gmt":"2016-08-18T12:03:58","guid":{"rendered":"http:\/\/lwinter.ch\/wordpress\/?page_id=272"},"modified":"2016-08-18T12:03:58","modified_gmt":"2016-08-18T12:03:58","slug":"lumia-950-xl","status":"publish","type":"page","link":"https:\/\/www.lwinter.net\/forum\/meine-themen\/das-foto\/hardware\/lumia-950-xl\/","title":{"rendered":"Lumia 950 XL"},"content":{"rendered":"<p>Schon lange &#8222;Lumia-J\u00fcnger&#8220;&#8230; somit hat das 950er sehr schnell Interesse ausgel\u00f6st&#8230; hat nicht lange gedauert, dann habe ich es gekauft&#8230; einer der Hauptgr\u00fcnde ist die Kamera (die meiner Meinung nach zu den besten Handykameras geh\u00f6rt)<\/p>\n<ul>\n<li class=\"definition-list-item\">Zeiss-Optik mit 6\u00a0Linsen<\/li>\n<li class=\"definition-list-item\">Aufl\u00f6sung\u00a020,0\u00a0MP<\/li>\n<li class=\"definition-list-item\">Sensorgr\u00f6\u00dfe: 1\/2,4\u00a0Zoll<\/li>\n<li class=\"definition-list-item\">Blende 1,9<\/li>\n<li class=\"definition-list-item\">Brennweite 26\u00a0mm<\/li>\n<li class=\"definition-list-item\">Nat\u00fcrlicher Blitz\u00a0mit 3 LED&#8217;s<\/li>\n<li class=\"definition-list-item\">Optische Bildstabilisierung<\/li>\n<li class=\"definition-list-item\">Kamerataste mit zwei Druckpunkten<\/li>\n<li class=\"definition-list-item\">Kamerafunktionen: Hintergrundbeleuchteter Bildsensor, PureView, Echter 16:9-Sensor, Schnelles Fokussieren, Zoom mit hoher Aufl\u00f6sung<\/li>\n<\/ul>\n<p>&nbsp;<\/p>\n<p>&nbsp;<\/p>\n","protected":false},"excerpt":{"rendered":"<p>Schon lange &#8222;Lumia-J\u00fcnger&#8220;&#8230; somit hat das 950er sehr schnell Interesse ausgel\u00f6st&#8230; hat nicht lange gedauert, dann habe ich es gekauft&#8230; einer der Hauptgr\u00fcnde ist die Kamera (die meiner Meinung nach zu den besten Handykameras geh\u00f6rt) Zeiss-Optik mit 6\u00a0Linsen Aufl\u00f6sung\u00a020,0\u00a0MP Sensorgr\u00f6\u00dfe: &hellip; <a href=\"https:\/\/www.lwinter.net\/forum\/meine-themen\/das-foto\/hardware\/lumia-950-xl\/\">Weiterlesen <span class=\"meta-nav\">&rarr;<\/span><\/a><\/p>\n","protected":false},"author":4,"featured_media":0,"parent":264,"menu_order":6,"comment_status":"closed","ping_status":"closed","template":"","meta":{"footnotes":""},"class_list":["post-272","page","type-page","status-publish","hentry"],"_links":{"self":[{"href":"https:\/\/www.lwinter.net\/forum\/wp-json\/wp\/v2\/pages\/272","targetHints":{"allow":["GET"]}}],"collection":[{"href":"https:\/\/www.lwinter.net\/forum\/wp-json\/wp\/v2\/pages"}],"about":[{"href":"https:\/\/www.lwinter.net\/forum\/wp-json\/wp\/v2\/types\/page"}],"author":[{"embeddable":true,"href":"https:\/\/www.lwinter.net\/forum\/wp-json\/wp\/v2\/users\/4"}],"replies":[{"embeddable":true,"href":"https:\/\/www.lwinter.net\/forum\/wp-json\/wp\/v2\/comments?post=272"}],"version-history":[{"count":0,"href":"https:\/\/www.lwinter.net\/forum\/wp-json\/wp\/v2\/pages\/272\/revisions"}],"up":[{"embeddable":true,"href":"https:\/\/www.lwinter.net\/forum\/wp-json\/wp\/v2\/pages\/264"}],"wp:attachment":[{"href":"https:\/\/www.lwinter.net\/forum\/wp-json\/wp\/v2\/media?parent=272"}],"curies":[{"name":"wp","href":"https:\/\/api.w.org\/{rel}","templated":true}]}}