{"id":443,"date":"2016-11-04T11:58:34","date_gmt":"2016-11-04T11:58:34","guid":{"rendered":"http:\/\/lwinter.ch\/wordpress\/?page_id=443"},"modified":"2016-11-04T11:58:34","modified_gmt":"2016-11-04T11:58:34","slug":"2016-bella-italia","status":"publish","type":"page","link":"https:\/\/www.lwinter.net\/forum\/meine-themen\/das-radl\/unterwegs\/2016-bella-italia\/","title":{"rendered":"2016 &#8211; Bella Italia"},"content":{"rendered":"\n<p>Es ist unfassbar, wie sch\u00f6n diese Tour war. Ich war zwei Wochen unterwegs, die erste in Italien, die zweite hatte ich Termine in Paasdorf. Gerne w\u00e4re ich auch die zweite Woche in Italien geblieben, dieses Super-Feeling h\u00e4tte ich gerne noch l\u00e4nger gehabt.<\/p>\n<p>Gut vorstellbar, dass ich &#8222;Bella Italia&#8220; wiederhole&#8230;&#8230;..<\/p>\n<p>&nbsp;<\/p>\n<p>&nbsp;<\/p>\n<p>&nbsp;<\/p>\n<p>&nbsp;<\/p>\n","protected":false},"excerpt":{"rendered":"<p>Es ist unfassbar, wie sch\u00f6n diese Tour war. Ich war zwei Wochen unterwegs, die erste in Italien, die zweite hatte ich Termine in Paasdorf. Gerne w\u00e4re ich auch die zweite Woche in Italien geblieben, dieses Super-Feeling h\u00e4tte ich gerne noch &hellip; <a href=\"https:\/\/www.lwinter.net\/forum\/meine-themen\/das-radl\/unterwegs\/2016-bella-italia\/\">Weiterlesen <span class=\"meta-nav\">&rarr;<\/span><\/a><\/p>\n","protected":false},"author":4,"featured_media":0,"parent":160,"menu_order":9,"comment_status":"closed","ping_status":"closed","template":"","meta":{"footnotes":""},"class_list":["post-443","page","type-page","status-publish","hentry"],"_links":{"self":[{"href":"https:\/\/www.lwinter.net\/forum\/wp-json\/wp\/v2\/pages\/443","targetHints":{"allow":["GET"]}}],"collection":[{"href":"https:\/\/www.lwinter.net\/forum\/wp-json\/wp\/v2\/pages"}],"about":[{"href":"https:\/\/www.lwinter.net\/forum\/wp-json\/wp\/v2\/types\/page"}],"author":[{"embeddable":true,"href":"https:\/\/www.lwinter.net\/forum\/wp-json\/wp\/v2\/users\/4"}],"replies":[{"embeddable":true,"href":"https:\/\/www.lwinter.net\/forum\/wp-json\/wp\/v2\/comments?post=443"}],"version-history":[{"count":0,"href":"https:\/\/www.lwinter.net\/forum\/wp-json\/wp\/v2\/pages\/443\/revisions"}],"up":[{"embeddable":true,"href":"https:\/\/www.lwinter.net\/forum\/wp-json\/wp\/v2\/pages\/160"}],"wp:attachment":[{"href":"https:\/\/www.lwinter.net\/forum\/wp-json\/wp\/v2\/media?parent=443"}],"curies":[{"name":"wp","href":"https:\/\/api.w.org\/{rel}","templated":true}]}}