{"id":68,"date":"2016-07-28T14:50:44","date_gmt":"2016-07-28T14:50:44","guid":{"rendered":"http:\/\/lwinter.ch\/wordpress\/?page_id=68"},"modified":"2016-07-28T14:50:44","modified_gmt":"2016-07-28T14:50:44","slug":"canon-a1","status":"publish","type":"page","link":"https:\/\/www.lwinter.net\/forum\/meine-themen\/das-foto\/hardware\/canon-a1\/","title":{"rendered":"Canon A1"},"content":{"rendered":"<p>Vor vielen, vielen Jahren habe ich mir eine <strong>Canon A1<\/strong> gekauft, so nach und nach kam einiges an Zubeh\u00f6r dazu.<\/p>\n<p><img loading=\"lazy\" decoding=\"async\" class=\"alignnone wp-image-36 size-large\" src=\"https:\/\/lwinter.ch\/wordpress\/wp-content\/uploads\/2016\/07\/DIMG_1571-1024x683.jpg\" alt=\"DIMG_1571\" width=\"938\" height=\"626\" \/><\/p>\n<p>Canon A1,<br \/>\nMotor,<br \/>\nverschiedene Objektive (24mm, 50mm, 35-105mm, 95-310mm),<br \/>\n2 Blitzger\u00e4te (Speedlight 199A und Metz 45 CT-1),<br \/>\nExtender,<br \/>\nFilter<br \/>\nund so manches andere Zubeh\u00f6r.<\/p>\n<p>Die komplette Ausr\u00fcstung besitze ich heute noch, ich bringe es einfach nicht \u00fcber&#8217;s Herz, diese Kamera f\u00fcr &#8211; nach meinem Verst\u00e4ndnis &#8211; viel zu wenig Geld zu verkaufen.<\/p>\n<p>Viele Jahre habe ich viele Fotos gemacht, alles sch\u00f6n archiviert, und sogar vor einiger Zeit alle Negative digitalisiert (wow, war das eine Riesen-Arbeit).<\/p>\n<p>&nbsp;<\/p>\n","protected":false},"excerpt":{"rendered":"<p>Vor vielen, vielen Jahren habe ich mir eine Canon A1 gekauft, so nach und nach kam einiges an Zubeh\u00f6r dazu. Canon A1, Motor, verschiedene Objektive (24mm, 50mm, 35-105mm, 95-310mm), 2 Blitzger\u00e4te (Speedlight 199A und Metz 45 CT-1), Extender, Filter und &hellip; <a href=\"https:\/\/www.lwinter.net\/forum\/meine-themen\/das-foto\/hardware\/canon-a1\/\">Weiterlesen <span class=\"meta-nav\">&rarr;<\/span><\/a><\/p>\n","protected":false},"author":4,"featured_media":0,"parent":264,"menu_order":9,"comment_status":"closed","ping_status":"closed","template":"","meta":{"footnotes":""},"class_list":["post-68","page","type-page","status-publish","hentry"],"_links":{"self":[{"href":"https:\/\/www.lwinter.net\/forum\/wp-json\/wp\/v2\/pages\/68","targetHints":{"allow":["GET"]}}],"collection":[{"href":"https:\/\/www.lwinter.net\/forum\/wp-json\/wp\/v2\/pages"}],"about":[{"href":"https:\/\/www.lwinter.net\/forum\/wp-json\/wp\/v2\/types\/page"}],"author":[{"embeddable":true,"href":"https:\/\/www.lwinter.net\/forum\/wp-json\/wp\/v2\/users\/4"}],"replies":[{"embeddable":true,"href":"https:\/\/www.lwinter.net\/forum\/wp-json\/wp\/v2\/comments?post=68"}],"version-history":[{"count":0,"href":"https:\/\/www.lwinter.net\/forum\/wp-json\/wp\/v2\/pages\/68\/revisions"}],"up":[{"embeddable":true,"href":"https:\/\/www.lwinter.net\/forum\/wp-json\/wp\/v2\/pages\/264"}],"wp:attachment":[{"href":"https:\/\/www.lwinter.net\/forum\/wp-json\/wp\/v2\/media?parent=68"}],"curies":[{"name":"wp","href":"https:\/\/api.w.org\/{rel}","templated":true}]}}